{"id":17391,"date":"2025-06-27T11:50:02","date_gmt":"2025-06-27T09:50:02","guid":{"rendered":"https:\/\/www.jbctools.co.jp\/?post_type=product&#038;p=17391"},"modified":"2025-08-13T10:35:48","modified_gmt":"2025-08-13T08:35:48","slug":"automatic-feed-soldering-control-unit","status":"publish","type":"product","link":"https:\/\/www.jbctools.co.jp\/en\/product\/automatic-feed-soldering-control-unit\/","title":{"rendered":"Automatic-Feed Soldering Control Unit"},"content":{"rendered":"<div class=\"fusion-fullwidth fullwidth-box fusion-builder-row-1 fusion-flex-container nonhundred-percent-fullwidth non-hundred-percent-height-scrolling\" style=\"--awb-border-radius-top-left:0px;--awb-border-radius-top-right:0px;--awb-border-radius-bottom-right:0px;--awb-border-radius-bottom-left:0px;--awb-flex-wrap:wrap;\" ><div class=\"fusion-builder-row fusion-row fusion-flex-align-items-flex-start fusion-flex-content-wrap\" style=\"max-width:1445.6px;margin-left: calc(-4% \/ 2 );margin-right: calc(-4% \/ 2 );\"><div class=\"fusion-layout-column fusion_builder_column fusion-builder-column-0 fusion_builder_column_1_1 1_1 fusion-flex-column\" style=\"--awb-bg-size:cover;--awb-width-large:100%;--awb-margin-top-large:0px;--awb-spacing-right-large:1.92%;--awb-margin-bottom-large:0px;--awb-spacing-left-large:1.92%;--awb-width-medium:100%;--awb-spacing-right-medium:1.92%;--awb-spacing-left-medium:1.92%;--awb-width-small:100%;--awb-spacing-right-small:1.92%;--awb-spacing-left-small:1.92%;\"><div class=\"fusion-column-wrapper fusion-flex-justify-content-flex-start fusion-content-layout-column\"><div class=\"fusion-text fusion-text-1\" style=\"--awb-text-transform:none;\"><p>Ideal for soldering processes requiring high productivity.<br \/>\nIt includes JBC Most Efficient Soldering System.<\/p>\n<p>This control unit is supplied with GALE10V to feed solder wire of \u00d8 1 mm and is furthermore compatible with solder wires from \u00d8 0.4 mm up to \u00d8 1.8 mm, using the respective Solder Wire Guide Kit. It features Solder Wire Perforation, allowing better flux flow and outgassing, thus avoiding projections and Foreign Object Debris (FOD).<\/p>\n<p>ALE250 Automatic-Feed Soldering Iron works with C250 Cartridge Range.<\/p>\n<p>This station can hold a solder reel of up to 2 kg \/ 4.40 lb.<\/p>\n<p>\u2022 3 different working modes:<br \/>\nContinuous Mode, Discontinuous Mode and Program Mode which allows configuration of dispensed wire speed and length<\/p>\n<p>\u2022 Connectivity:<br \/>\nData download, remote control for traceability and software updates<\/p>\n<\/div><\/div><\/div><\/div><\/div>\n","protected":false},"excerpt":{"rendered":"","protected":false},"featured_media":0,"template":"","meta":{"_acf_changed":false},"product_brand":[],"product_cat":[239],"product_tag":[],"class_list":{"0":"post-17391","1":"product","2":"type-product","3":"status-publish","5":"product_cat-modular-system-category","7":"first","8":"instock","9":"taxable","10":"shipping-taxable","11":"purchasable","12":"product-type-simple"},"acf":[],"yoast_head":"<!-- This site is optimized with the Yoast SEO plugin v25.5 - https:\/\/yoast.com\/wordpress\/plugins\/seo\/ -->\n<title>Automatic-Feed Soldering Control Unit - JBC Tools<\/title>\n<meta name=\"robots\" content=\"index, follow, max-snippet:-1, max-image-preview:large, max-video-preview:-1\" \/>\n<link rel=\"canonical\" href=\"https:\/\/www.jbctools.co.jp\/en\/product\/automatic-feed-soldering-control-unit\/\" \/>\n<meta property=\"og:locale\" content=\"en_US\" \/>\n<meta property=\"og:type\" content=\"article\" \/>\n<meta property=\"og:title\" content=\"Automatic-Feed Soldering Control Unit - JBC Tools\" \/>\n<meta property=\"og:url\" content=\"https:\/\/www.jbctools.co.jp\/en\/product\/automatic-feed-soldering-control-unit\/\" \/>\n<meta property=\"og:site_name\" content=\"JBC Tools\" \/>\n<meta property=\"article:modified_time\" content=\"2025-08-13T08:35:48+00:00\" \/>\n<meta name=\"twitter:card\" content=\"summary_large_image\" \/>\n<meta name=\"twitter:label1\" content=\"Est. reading time\" \/>\n\t<meta name=\"twitter:data1\" content=\"2 minutes\" \/>\n<script type=\"application\/ld+json\" class=\"yoast-schema-graph\">{\"@context\":\"https:\/\/schema.org\",\"@graph\":[{\"@type\":\"WebPage\",\"@id\":\"https:\/\/www.jbctools.co.jp\/en\/product\/automatic-feed-soldering-control-unit\/\",\"url\":\"https:\/\/www.jbctools.co.jp\/en\/product\/automatic-feed-soldering-control-unit\/\",\"name\":\"Automatic-Feed Soldering Control Unit - JBC Tools\",\"isPartOf\":{\"@id\":\"https:\/\/www.jbctools.co.jp\/#website\"},\"datePublished\":\"2025-06-27T09:50:02+00:00\",\"dateModified\":\"2025-08-13T08:35:48+00:00\",\"breadcrumb\":{\"@id\":\"https:\/\/www.jbctools.co.jp\/en\/product\/automatic-feed-soldering-control-unit\/#breadcrumb\"},\"inLanguage\":\"en-US\",\"potentialAction\":[{\"@type\":\"ReadAction\",\"target\":[\"https:\/\/www.jbctools.co.jp\/en\/product\/automatic-feed-soldering-control-unit\/\"]}]},{\"@type\":\"BreadcrumbList\",\"@id\":\"https:\/\/www.jbctools.co.jp\/en\/product\/automatic-feed-soldering-control-unit\/#breadcrumb\",\"itemListElement\":[{\"@type\":\"ListItem\",\"position\":1,\"name\":\"Home\",\"item\":\"https:\/\/www.jbctools.co.jp\/en\/\"},{\"@type\":\"ListItem\",\"position\":2,\"name\":\"Shop\",\"item\":\"https:\/\/www.jbctools.co.jp\/en\/shop\/\"},{\"@type\":\"ListItem\",\"position\":3,\"name\":\"Automatic-Feed Soldering Control Unit\"}]},{\"@type\":\"WebSite\",\"@id\":\"https:\/\/www.jbctools.co.jp\/#website\",\"url\":\"https:\/\/www.jbctools.co.jp\/\",\"name\":\"JBC Tools\",\"description\":\"The Soldering Co.\",\"potentialAction\":[{\"@type\":\"SearchAction\",\"target\":{\"@type\":\"EntryPoint\",\"urlTemplate\":\"https:\/\/www.jbctools.co.jp\/?s={search_term_string}\"},\"query-input\":{\"@type\":\"PropertyValueSpecification\",\"valueRequired\":true,\"valueName\":\"search_term_string\"}}],\"inLanguage\":\"en-US\"}]}<\/script>\n<!-- \/ Yoast SEO plugin. -->","yoast_head_json":{"title":"Automatic-Feed Soldering Control Unit - JBC Tools","robots":{"index":"index","follow":"follow","max-snippet":"max-snippet:-1","max-image-preview":"max-image-preview:large","max-video-preview":"max-video-preview:-1"},"canonical":"https:\/\/www.jbctools.co.jp\/en\/product\/automatic-feed-soldering-control-unit\/","og_locale":"en_US","og_type":"article","og_title":"Automatic-Feed Soldering Control Unit - JBC Tools","og_url":"https:\/\/www.jbctools.co.jp\/en\/product\/automatic-feed-soldering-control-unit\/","og_site_name":"JBC Tools","article_modified_time":"2025-08-13T08:35:48+00:00","twitter_card":"summary_large_image","twitter_misc":{"Est. reading time":"2 minutes"},"schema":{"@context":"https:\/\/schema.org","@graph":[{"@type":"WebPage","@id":"https:\/\/www.jbctools.co.jp\/en\/product\/automatic-feed-soldering-control-unit\/","url":"https:\/\/www.jbctools.co.jp\/en\/product\/automatic-feed-soldering-control-unit\/","name":"Automatic-Feed Soldering Control Unit - JBC Tools","isPartOf":{"@id":"https:\/\/www.jbctools.co.jp\/#website"},"datePublished":"2025-06-27T09:50:02+00:00","dateModified":"2025-08-13T08:35:48+00:00","breadcrumb":{"@id":"https:\/\/www.jbctools.co.jp\/en\/product\/automatic-feed-soldering-control-unit\/#breadcrumb"},"inLanguage":"en-US","potentialAction":[{"@type":"ReadAction","target":["https:\/\/www.jbctools.co.jp\/en\/product\/automatic-feed-soldering-control-unit\/"]}]},{"@type":"BreadcrumbList","@id":"https:\/\/www.jbctools.co.jp\/en\/product\/automatic-feed-soldering-control-unit\/#breadcrumb","itemListElement":[{"@type":"ListItem","position":1,"name":"Home","item":"https:\/\/www.jbctools.co.jp\/en\/"},{"@type":"ListItem","position":2,"name":"Shop","item":"https:\/\/www.jbctools.co.jp\/en\/shop\/"},{"@type":"ListItem","position":3,"name":"Automatic-Feed Soldering Control Unit"}]},{"@type":"WebSite","@id":"https:\/\/www.jbctools.co.jp\/#website","url":"https:\/\/www.jbctools.co.jp\/","name":"JBC Tools","description":"The Soldering Co.","potentialAction":[{"@type":"SearchAction","target":{"@type":"EntryPoint","urlTemplate":"https:\/\/www.jbctools.co.jp\/?s={search_term_string}"},"query-input":{"@type":"PropertyValueSpecification","valueRequired":true,"valueName":"search_term_string"}}],"inLanguage":"en-US"}]}},"_links":{"self":[{"href":"https:\/\/www.jbctools.co.jp\/en\/wp-json\/wp\/v2\/product\/17391","targetHints":{"allow":["GET"]}}],"collection":[{"href":"https:\/\/www.jbctools.co.jp\/en\/wp-json\/wp\/v2\/product"}],"about":[{"href":"https:\/\/www.jbctools.co.jp\/en\/wp-json\/wp\/v2\/types\/product"}],"wp:attachment":[{"href":"https:\/\/www.jbctools.co.jp\/en\/wp-json\/wp\/v2\/media?parent=17391"}],"wp:term":[{"taxonomy":"product_brand","embeddable":true,"href":"https:\/\/www.jbctools.co.jp\/en\/wp-json\/wp\/v2\/product_brand?post=17391"},{"taxonomy":"product_cat","embeddable":true,"href":"https:\/\/www.jbctools.co.jp\/en\/wp-json\/wp\/v2\/product_cat?post=17391"},{"taxonomy":"product_tag","embeddable":true,"href":"https:\/\/www.jbctools.co.jp\/en\/wp-json\/wp\/v2\/product_tag?post=17391"}],"curies":[{"name":"wp","href":"https:\/\/api.w.org\/{rel}","templated":true}]}}